{"id":1347,"date":"2022-05-26T08:02:09","date_gmt":"2022-05-26T08:02:09","guid":{"rendered":"https:\/\/hotellerv5.themegoods.com\/modern\/?page_id=1347"},"modified":"2023-05-02T12:00:44","modified_gmt":"2023-05-02T12:00:44","slug":"terms-conditions","status":"publish","type":"page","link":"https:\/\/safranberg-hotel.de\/en\/terms-conditions\/","title":{"rendered":"Impressum"},"content":{"rendered":"<div data-elementor-type=\"wp-page\" data-elementor-id=\"1347\" class=\"elementor elementor-1347\">\n\t\t\t\t\t\t<section class=\"elementor-section elementor-top-section elementor-element elementor-element-1d438dad elementor-section-boxed elementor-section-height-default elementor-section-height-default\" data-id=\"1d438dad\" data-element_type=\"section\" data-settings=\"{&quot;hoteller_ext_is_background_parallax&quot;:&quot;false&quot;,&quot;hoteller_ext_is_background_on_scroll&quot;:&quot;false&quot;}\">\n\t\t\t\t\t\t<div class=\"elementor-container elementor-column-gap-default\">\n\t\t\t\t\t<div class=\"elementor-column elementor-col-100 elementor-top-column elementor-element elementor-element-1489d531\" data-id=\"1489d531\" data-element_type=\"column\" data-settings=\"{&quot;hoteller_ext_link_sidemenu&quot;:&quot;false&quot;,&quot;hoteller_ext_link_fullmenu&quot;:&quot;false&quot;,&quot;hoteller_ext_link_closed_fullmenu&quot;:&quot;false&quot;,&quot;hoteller_ext_is_scrollme&quot;:&quot;false&quot;,&quot;hoteller_ext_is_smoove&quot;:&quot;false&quot;,&quot;hoteller_ext_is_parallax_mouse&quot;:&quot;false&quot;,&quot;hoteller_ext_is_infinite&quot;:&quot;false&quot;,&quot;hoteller_ext_is_fadeout_animation&quot;:&quot;false&quot;,&quot;hoteller_ext_mobile_static&quot;:&quot;false&quot;}\">\n\t\t\t<div class=\"elementor-widget-wrap elementor-element-populated\">\n\t\t\t\t\t\t<div class=\"elementor-element elementor-element-498fa514 elementor-widget__width-initial elementor-widget elementor-widget-text-editor\" data-id=\"498fa514\" data-element_type=\"widget\" data-settings=\"{&quot;hoteller_ext_link_sidemenu&quot;:&quot;false&quot;,&quot;hoteller_ext_link_fullmenu&quot;:&quot;false&quot;,&quot;hoteller_ext_link_closed_fullmenu&quot;:&quot;false&quot;,&quot;hoteller_ext_is_scrollme&quot;:&quot;false&quot;,&quot;hoteller_ext_is_smoove&quot;:&quot;false&quot;,&quot;hoteller_ext_is_parallax_mouse&quot;:&quot;false&quot;,&quot;hoteller_ext_is_infinite&quot;:&quot;false&quot;,&quot;hoteller_ext_is_fadeout_animation&quot;:&quot;false&quot;,&quot;hoteller_ext_mobile_static&quot;:&quot;false&quot;}\" data-widget_type=\"text-editor.default\">\n\t\t\t\t<div class=\"elementor-widget-container\">\n\t\t\t<style>\/*! elementor - v3.23.0 - 05-08-2024 *\/\n.elementor-widget-text-editor.elementor-drop-cap-view-stacked .elementor-drop-cap{background-color:#69727d;color:#fff}.elementor-widget-text-editor.elementor-drop-cap-view-framed .elementor-drop-cap{color:#69727d;border:3px solid;background-color:transparent}.elementor-widget-text-editor:not(.elementor-drop-cap-view-default) .elementor-drop-cap{margin-top:8px}.elementor-widget-text-editor:not(.elementor-drop-cap-view-default) .elementor-drop-cap-letter{width:1em;height:1em}.elementor-widget-text-editor .elementor-drop-cap{float:left;text-align:center;line-height:1;font-size:50px}.elementor-widget-text-editor .elementor-drop-cap-letter{display:inline-block}<\/style>\t\t\t\t<div class=\"section-710 wf-section\">\n<div class=\"container-16 w-container\">\n<div>\n<h5 class=\"heading-11\">Anschrift<\/h5>\n<p class=\"paragraph-8\">Safranberg Hotel<\/p>\n<p><span class=\"LrzXr\">Steinh\u00f6velstra\u00dfe 6<\/span> <br \/><span class=\"LrzXr\">89075 Ulm<\/span><\/p>\n<p class=\"paragraph-8\"><br \/><br \/>Telefon\u00a0 0049 (0)731 922 620<\/p>\n<p class=\"paragraph-8\">E-Mail: info@safranberg-Website: hotel.de<br \/>www.safranberg-hotel.de<\/p>\n<h5 class=\"heading-11\">Inhaber (Verantwortlich f\u00fcr den Inhalt)<\/h5>\n<p class=\"paragraph-8\">Florian Scheerer<br \/><br \/><\/p>\n<h5 class=\"heading-11\">Haftungshinweis<\/h5>\n<p class=\"paragraph-8\">Trotz sorgf\u00e4ltiger inhaltlicher Kontrolle \u00fcbernehmen wir keine Haftung f\u00fcr die Inhalte externer Links. F\u00fcr den Inhalt und die Gestaltung der verlinkten Seiten sind ausschlie\u00dflich deren Betreiber verantwortlich.<\/p>\n<h5>\u00a0<\/h5>\n<h5 class=\"heading-11\">Datenschutzhinweise<\/h5>\n<p class=\"paragraph-8\">Pers\u00f6nliche Daten werden nur im technisch notwendigen Umfang und zwecks Webanalyse erhoben.\u00a0Per Kontaktformular oder E-Mail an das Ulmer M\u00fcnster Hotel gesendete Daten werden gespeichert. Diese Daten sind Dritten nicht zug\u00e4nglich, in keinem Fall werden sie verkauft oder zu anderen Zwecken als den genannten weitergegeben.<\/p>\n<h5>\u00a0<\/h5>\n<h5 class=\"heading-11\">Copyright<\/h5>\n<p class=\"paragraph-8\">S\u00e4mtliche Fotos, Logos und Texte auf diesen Seiten sind Eigentum von Florian Scheerer. Die Vervielf\u00e4ltigung und\/oder die Weiterverbreitung von hier zur Verf\u00fcgung gestellten Inhalten in jeglicher Form bed\u00fcrfen der schriftlichen Genehmigung von Florian Scheerer.<\/p>\n<h5>\u00a0<\/h5>\n<h5 class=\"heading-11\">Design und Programmierung<\/h5>\n<p class=\"paragraph-8\">DANNERDESIGN &#8211; Julian Danner &#8211; www.dannerdesign.de<\/p>\n<\/div>\n<\/div>\n<h5>\u00a0<\/h5>\n<h5 class=\"heading-11\">Fotos<\/h5>\n<p class=\"paragraph-8\">DANNERDESIGN &#8211; Julian Danner &#8211; www.dannerdesign.de<\/p>\n<\/div>\n<!-- wp:heading {\"level\":3} --><!-- \/wp:paragraph -->\t\t\t\t\t\t<\/div>\n\t\t\t\t<\/div>\n\t\t\t\t\t<\/div>\n\t\t<\/div>\n\t\t\t\t\t<\/div>\n\t\t<\/section>\n\t\t\t\t<\/div>","protected":false},"excerpt":{"rendered":"<p>Anschrift Safranberg Hotel Steinh\u00f6velstra\u00dfe 6 89075 Ulm Telefon\u00a0 0049 (0)731 922 620 E-Mail: info@safranberg-Website: hotel.dewww.safranberg-hotel.de Inhaber (Verantwortlich f\u00fcr den Inhalt) Florian Scheerer Haftungshinweis Trotz sorgf\u00e4ltiger inhaltlicher Kontrolle \u00fcbernehmen wir keine Haftung f\u00fcr die Inhalte externer Links. F\u00fcr den Inhalt und [&hellip;]<\/p>\n","protected":false},"author":1,"featured_media":0,"parent":0,"menu_order":0,"comment_status":"closed","ping_status":"closed","template":"","meta":[],"_links":{"self":[{"href":"https:\/\/safranberg-hotel.de\/en\/wp-json\/wp\/v2\/pages\/1347"}],"collection":[{"href":"https:\/\/safranberg-hotel.de\/en\/wp-json\/wp\/v2\/pages"}],"about":[{"href":"https:\/\/safranberg-hotel.de\/en\/wp-json\/wp\/v2\/types\/page"}],"author":[{"embeddable":true,"href":"https:\/\/safranberg-hotel.de\/en\/wp-json\/wp\/v2\/users\/1"}],"replies":[{"embeddable":true,"href":"https:\/\/safranberg-hotel.de\/en\/wp-json\/wp\/v2\/comments?post=1347"}],"version-history":[{"count":7,"href":"https:\/\/safranberg-hotel.de\/en\/wp-json\/wp\/v2\/pages\/1347\/revisions"}],"predecessor-version":[{"id":1779,"href":"https:\/\/safranberg-hotel.de\/en\/wp-json\/wp\/v2\/pages\/1347\/revisions\/1779"}],"wp:attachment":[{"href":"https:\/\/safranberg-hotel.de\/en\/wp-json\/wp\/v2\/media?parent=1347"}],"curies":[{"name":"wp","href":"https:\/\/api.w.org\/{rel}","templated":true}]}}